{"id":8,"date":"2024-04-24T06:56:30","date_gmt":"2024-04-24T06:56:30","guid":{"rendered":"https:\/\/am.mads.mx\/?page_id=8"},"modified":"2024-04-24T23:03:07","modified_gmt":"2024-04-24T23:03:07","slug":"home","status":"publish","type":"page","link":"https:\/\/am.mads.mx\/","title":{"rendered":"Home"},"content":{"rendered":"\t\t<div data-elementor-type=\"wp-page\" data-elementor-id=\"8\" class=\"elementor elementor-8\" data-elementor-post-type=\"page\">\n\t\t\t\t<div class=\"elementor-element elementor-element-6260ee6 e-con-full e-flex e-con e-parent\" data-id=\"6260ee6\" data-element_type=\"container\">\n\t\t\t\t<div class=\"elementor-element elementor-element-6521990 elementor-arrows-position-inside elementor-pagination-position-outside elementor-widget elementor-widget-image-carousel\" data-id=\"6521990\" data-element_type=\"widget\" data-settings=\"{&quot;slides_to_show&quot;:&quot;1&quot;,&quot;navigation&quot;:&quot;both&quot;,&quot;autoplay&quot;:&quot;yes&quot;,&quot;pause_on_hover&quot;:&quot;yes&quot;,&quot;pause_on_interaction&quot;:&quot;yes&quot;,&quot;autoplay_speed&quot;:5000,&quot;infinite&quot;:&quot;yes&quot;,&quot;effect&quot;:&quot;slide&quot;,&quot;speed&quot;:500}\" data-widget_type=\"image-carousel.default\">\n\t\t\t\t<div class=\"elementor-widget-container\">\n\t\t\t<style>\/*! elementor - v3.21.0 - 30-04-2024 *\/\n.elementor-widget-image-carousel .swiper,.elementor-widget-image-carousel .swiper-container{position:static}.elementor-widget-image-carousel .swiper-container .swiper-slide figure,.elementor-widget-image-carousel .swiper .swiper-slide figure{line-height:inherit}.elementor-widget-image-carousel .swiper-slide{text-align:center}.elementor-image-carousel-wrapper:not(.swiper-container-initialized):not(.swiper-initialized) .swiper-slide{max-width:calc(100% \/ var(--e-image-carousel-slides-to-show, 3))}<\/style>\t\t<div class=\"elementor-image-carousel-wrapper swiper\" dir=\"ltr\">\n\t\t\t<div class=\"elementor-image-carousel swiper-wrapper swiper-image-stretch\" aria-live=\"off\">\n\t\t\t\t\t\t\t\t<div class=\"swiper-slide\" role=\"group\" aria-roledescription=\"slide\" aria-label=\"1 de 2\"><figure class=\"swiper-slide-inner\"><img decoding=\"async\" class=\"swiper-slide-image\" src=\"https:\/\/am.mads.mx\/wp-content\/uploads\/2024\/04\/slider01.png\" alt=\"slider01\" \/><\/figure><\/div><div class=\"swiper-slide\" role=\"group\" aria-roledescription=\"slide\" aria-label=\"2 de 2\"><figure class=\"swiper-slide-inner\"><img decoding=\"async\" class=\"swiper-slide-image\" src=\"https:\/\/am.mads.mx\/wp-content\/uploads\/2024\/04\/slider02.png\" alt=\"slider02\" \/><\/figure><\/div>\t\t\t<\/div>\n\t\t\t\t\t\t\t\t\t\t\t\t<div class=\"elementor-swiper-button elementor-swiper-button-prev\" role=\"button\" tabindex=\"0\">\n\t\t\t\t\t\t<svg aria-hidden=\"true\" class=\"e-font-icon-svg e-eicon-chevron-left\" viewBox=\"0 0 1000 1000\" xmlns=\"http:\/\/www.w3.org\/2000\/svg\"><path d=\"M646 125C629 125 613 133 604 142L308 442C296 454 292 471 292 487 292 504 296 521 308 533L604 854C617 867 629 875 646 875 663 875 679 871 692 858 704 846 713 829 713 812 713 796 708 779 692 767L438 487 692 225C700 217 708 204 708 187 708 171 704 154 692 142 675 129 663 125 646 125Z\"><\/path><\/svg>\t\t\t\t\t<\/div>\n\t\t\t\t\t<div class=\"elementor-swiper-button elementor-swiper-button-next\" role=\"button\" tabindex=\"0\">\n\t\t\t\t\t\t<svg aria-hidden=\"true\" class=\"e-font-icon-svg e-eicon-chevron-right\" viewBox=\"0 0 1000 1000\" xmlns=\"http:\/\/www.w3.org\/2000\/svg\"><path d=\"M696 533C708 521 713 504 713 487 713 471 708 454 696 446L400 146C388 133 375 125 354 125 338 125 325 129 313 142 300 154 292 171 292 187 292 204 296 221 308 233L563 492 304 771C292 783 288 800 288 817 288 833 296 850 308 863 321 871 338 875 354 875 371 875 388 867 400 854L696 533Z\"><\/path><\/svg>\t\t\t\t\t<\/div>\n\t\t\t\t\n\t\t\t\t\t\t\t\t\t<div class=\"swiper-pagination\"><\/div>\n\t\t\t\t\t\t\t\t\t<\/div>\n\t\t\t\t<\/div>\n\t\t\t\t<\/div>\n\t\t\t\t<\/div>\n\t\t<div class=\"elementor-element elementor-element-f272257 e-con-full e-flex e-con e-parent\" data-id=\"f272257\" data-element_type=\"container\">\n\t\t<div class=\"elementor-element elementor-element-362d24b e-con-full e-flex e-con e-child\" data-id=\"362d24b\" data-element_type=\"container\">\n\t\t\t\t<div class=\"elementor-element elementor-element-db14f39 elementor-widget elementor-widget-heading\" data-id=\"db14f39\" data-element_type=\"widget\" data-widget_type=\"heading.default\">\n\t\t\t\t<div class=\"elementor-widget-container\">\n\t\t\t<style>\/*! elementor - v3.21.0 - 30-04-2024 *\/\n.elementor-heading-title{padding:0;margin:0;line-height:1}.elementor-widget-heading .elementor-heading-title[class*=elementor-size-]>a{color:inherit;font-size:inherit;line-height:inherit}.elementor-widget-heading .elementor-heading-title.elementor-size-small{font-size:15px}.elementor-widget-heading .elementor-heading-title.elementor-size-medium{font-size:19px}.elementor-widget-heading .elementor-heading-title.elementor-size-large{font-size:29px}.elementor-widget-heading .elementor-heading-title.elementor-size-xl{font-size:39px}.elementor-widget-heading .elementor-heading-title.elementor-size-xxl{font-size:59px}<\/style><h2 class=\"elementor-heading-title elementor-size-default\">Acerca de nosotros<\/h2>\t\t<\/div>\n\t\t\t\t<\/div>\n\t\t\t\t<div class=\"elementor-element elementor-element-8bed9dc elementor-widget elementor-widget-text-editor\" data-id=\"8bed9dc\" data-element_type=\"widget\" data-widget_type=\"text-editor.default\">\n\t\t\t\t<div class=\"elementor-widget-container\">\n\t\t\t<style>\/*! elementor - v3.21.0 - 30-04-2024 *\/\n.elementor-widget-text-editor.elementor-drop-cap-view-stacked .elementor-drop-cap{background-color:#69727d;color:#fff}.elementor-widget-text-editor.elementor-drop-cap-view-framed .elementor-drop-cap{color:#69727d;border:3px solid;background-color:transparent}.elementor-widget-text-editor:not(.elementor-drop-cap-view-default) .elementor-drop-cap{margin-top:8px}.elementor-widget-text-editor:not(.elementor-drop-cap-view-default) .elementor-drop-cap-letter{width:1em;height:1em}.elementor-widget-text-editor .elementor-drop-cap{float:left;text-align:center;line-height:1;font-size:50px}.elementor-widget-text-editor .elementor-drop-cap-letter{display:inline-block}<\/style>\t\t\t\t<p>Empresa fundada hace m\u00e1s de 30 a\u00f1os especializada en sistemas de construcci\u00f3n. Nuestra empresa se caracteriza por contar con el personal especializado y hacer mas productiva nuestra actividad.<br \/><br \/>Considerando que para cualquier empresa es importante contar con proveedores confiables y capaces, ponemos a su disposici\u00f3n toda nuestra experiencia y capacidad de servicio e instalaci\u00f3n para el mejor logro de sus proyectos.<\/p>\t\t\t\t\t\t<\/div>\n\t\t\t\t<\/div>\n\t\t\t\t<\/div>\n\t\t<div class=\"elementor-element elementor-element-45ef550 e-con-full e-flex e-con e-child\" data-id=\"45ef550\" data-element_type=\"container\">\n\t\t\t\t<div class=\"elementor-element elementor-element-b61158b elementor-widget elementor-widget-image\" data-id=\"b61158b\" data-element_type=\"widget\" data-widget_type=\"image.default\">\n\t\t\t\t<div class=\"elementor-widget-container\">\n\t\t\t<style>\/*! elementor - v3.21.0 - 30-04-2024 *\/\n.elementor-widget-image{text-align:center}.elementor-widget-image a{display:inline-block}.elementor-widget-image a img[src$=\".svg\"]{width:48px}.elementor-widget-image img{vertical-align:middle;display:inline-block}<\/style>\t\t\t\t\t\t\t\t\t\t<img fetchpriority=\"high\" decoding=\"async\" width=\"2000\" height=\"1333\" src=\"https:\/\/am.mads.mx\/wp-content\/uploads\/2024\/04\/plafones.jpg\" class=\"attachment-full size-full wp-image-51\" alt=\"\" srcset=\"https:\/\/am.mads.mx\/wp-content\/uploads\/2024\/04\/plafones.jpg 2000w, https:\/\/am.mads.mx\/wp-content\/uploads\/2024\/04\/plafones-300x200.jpg 300w, https:\/\/am.mads.mx\/wp-content\/uploads\/2024\/04\/plafones-1024x682.jpg 1024w, https:\/\/am.mads.mx\/wp-content\/uploads\/2024\/04\/plafones-768x512.jpg 768w, https:\/\/am.mads.mx\/wp-content\/uploads\/2024\/04\/plafones-1536x1024.jpg 1536w\" sizes=\"(max-width: 2000px) 100vw, 2000px\" \/>\t\t\t\t\t\t\t\t\t\t\t\t\t<\/div>\n\t\t\t\t<\/div>\n\t\t\t\t<\/div>\n\t\t\t\t<\/div>\n\t\t<div class=\"elementor-element elementor-element-c91eb79 e-flex e-con-boxed e-con e-parent\" data-id=\"c91eb79\" data-element_type=\"container\">\n\t\t\t\t\t<div class=\"e-con-inner\">\n\t\t\t\t<div class=\"elementor-element elementor-element-487b8a5 elementor-widget elementor-widget-heading\" data-id=\"487b8a5\" data-element_type=\"widget\" data-widget_type=\"heading.default\">\n\t\t\t\t<div class=\"elementor-widget-container\">\n\t\t\t<h2 class=\"elementor-heading-title elementor-size-default\">Somos distribuidores de las mejores marcas:<\/h2>\t\t<\/div>\n\t\t\t\t<\/div>\n\t\t\t\t<div class=\"elementor-element elementor-element-5e2edfb elementor-widget__width-inherit elementor-widget elementor-widget-jkit_client_logo\" data-id=\"5e2edfb\" data-element_type=\"widget\" data-widget_type=\"jkit_client_logo.default\">\n\t\t\t\t<div class=\"elementor-widget-container\">\n\t\t\t<div  class=\"jeg-elementor-kit jkit-client-logo arrow-middle-edge jeg_module___69ec15d50efda\"  data-id=\"jeg_module___69ec15d50efda\" data-settings=\"{&quot;autoplay&quot;:true,&quot;autoplay_speed&quot;:3500,&quot;autoplay_hover_pause&quot;:false,&quot;show_navigation&quot;:true,&quot;navigation_left&quot;:&quot;&lt;span&gt;&lt;svg aria-hidden=\\&quot;true\\&quot; class=\\&quot;e-font-icon-svg e-fas-angle-left\\&quot; viewBox=\\&quot;0 0 256 512\\&quot; xmlns=\\&quot;http:\\\/\\\/www.w3.org\\\/2000\\\/svg\\&quot;&gt;&lt;path d=\\&quot;M31.7 239l136-136c9.4-9.4 24.6-9.4 33.9 0l22.6 22.6c9.4 9.4 9.4 24.6 0 33.9L127.9 256l96.4 96.4c9.4 9.4 9.4 24.6 0 33.9L201.7 409c-9.4 9.4-24.6 9.4-33.9 0l-136-136c-9.5-9.4-9.5-24.6-.1-34z\\&quot;&gt;&lt;\\\/path&gt;&lt;\\\/svg&gt;&lt;\\\/span&gt;&quot;,&quot;navigation_right&quot;:&quot;&lt;span&gt;&lt;svg aria-hidden=\\&quot;true\\&quot; class=\\&quot;e-font-icon-svg e-fas-angle-right\\&quot; viewBox=\\&quot;0 0 256 512\\&quot; xmlns=\\&quot;http:\\\/\\\/www.w3.org\\\/2000\\\/svg\\&quot;&gt;&lt;path d=\\&quot;M224.3 273l-136 136c-9.4 9.4-24.6 9.4-33.9 0l-22.6-22.6c-9.4-9.4-9.4-24.6 0-33.9l96.4-96.4-96.4-96.4c-9.4-9.4-9.4-24.6 0-33.9L54.3 103c9.4-9.4 24.6-9.4 33.9 0l136 136c9.5 9.4 9.5 24.6.1 34z\\&quot;&gt;&lt;\\\/path&gt;&lt;\\\/svg&gt;&lt;\\\/span&gt;&quot;,&quot;show_dots&quot;:false,&quot;arrow_position&quot;:&quot;bottom&quot;,&quot;responsive&quot;:{&quot;desktop&quot;:{&quot;items&quot;:5,&quot;margin&quot;:25,&quot;breakpoint&quot;:1025},&quot;tablet&quot;:{&quot;items&quot;:5,&quot;margin&quot;:25,&quot;breakpoint&quot;:768},&quot;mobile&quot;:{&quot;items&quot;:2,&quot;margin&quot;:10,&quot;breakpoint&quot;:0}}}\"><div class=\"client-list\"><div class=\"client-track\"><div class=\"client-slider item \"><div class=\"image-list\"><div class=\"content-image\"><img decoding=\"async\" width=\"150\" height=\"150\" src=\"https:\/\/am.mads.mx\/wp-content\/uploads\/2024\/04\/logo-am-150x150.png\" class=\"main-image\" alt=\"Title\" url=\"https:\/\/am.mads.mx\/wp-content\/uploads\/2024\/04\/logo-am.png\" source=\"library\" srcset=\"https:\/\/am.mads.mx\/wp-content\/uploads\/2024\/04\/logo-am-150x150.png 150w, https:\/\/am.mads.mx\/wp-content\/uploads\/2024\/04\/logo-am-300x300.png 300w, https:\/\/am.mads.mx\/wp-content\/uploads\/2024\/04\/logo-am.png 400w\" sizes=\"(max-width: 150px) 100vw, 150px\" \/><\/div><\/div><\/div><div class=\"client-slider item \"><div class=\"image-list\"><div class=\"content-image\"><img decoding=\"async\" width=\"150\" height=\"150\" src=\"https:\/\/am.mads.mx\/wp-content\/uploads\/2024\/04\/berel-logo-150x150.png\" class=\"main-image\" alt=\"Title\" url=\"https:\/\/am.mads.mx\/wp-content\/uploads\/2024\/04\/berel-logo.png\" source=\"library\" srcset=\"https:\/\/am.mads.mx\/wp-content\/uploads\/2024\/04\/berel-logo-150x150.png 150w, https:\/\/am.mads.mx\/wp-content\/uploads\/2024\/04\/berel-logo-300x300.png 300w, https:\/\/am.mads.mx\/wp-content\/uploads\/2024\/04\/berel-logo.png 400w\" sizes=\"(max-width: 150px) 100vw, 150px\" \/><\/div><\/div><\/div><div class=\"client-slider item \"><div class=\"image-list\"><div class=\"content-image\"><img loading=\"lazy\" decoding=\"async\" width=\"150\" height=\"150\" src=\"https:\/\/am.mads.mx\/wp-content\/uploads\/2024\/04\/logo-usg-150x150.png\" class=\"main-image\" alt=\"Title\" url=\"https:\/\/am.mads.mx\/wp-content\/uploads\/2024\/04\/logo-usg.png\" source=\"library\" srcset=\"https:\/\/am.mads.mx\/wp-content\/uploads\/2024\/04\/logo-usg-150x150.png 150w, https:\/\/am.mads.mx\/wp-content\/uploads\/2024\/04\/logo-usg-300x300.png 300w, https:\/\/am.mads.mx\/wp-content\/uploads\/2024\/04\/logo-usg.png 400w\" sizes=\"(max-width: 150px) 100vw, 150px\" \/><\/div><\/div><\/div><div class=\"client-slider item \"><div class=\"image-list\"><div class=\"content-image\"><img loading=\"lazy\" decoding=\"async\" width=\"150\" height=\"150\" src=\"https:\/\/am.mads.mx\/wp-content\/uploads\/2024\/04\/logo-panel-rey-150x150.png\" class=\"main-image\" alt=\"Title\" url=\"https:\/\/am.mads.mx\/wp-content\/uploads\/2024\/04\/logo-panel-rey.png\" source=\"library\" srcset=\"https:\/\/am.mads.mx\/wp-content\/uploads\/2024\/04\/logo-panel-rey-150x150.png 150w, https:\/\/am.mads.mx\/wp-content\/uploads\/2024\/04\/logo-panel-rey-300x300.png 300w, https:\/\/am.mads.mx\/wp-content\/uploads\/2024\/04\/logo-panel-rey.png 400w\" sizes=\"(max-width: 150px) 100vw, 150px\" \/><\/div><\/div><\/div><div class=\"client-slider item \"><div class=\"image-list\"><div class=\"content-image\"><img loading=\"lazy\" decoding=\"async\" width=\"150\" height=\"150\" src=\"https:\/\/am.mads.mx\/wp-content\/uploads\/2024\/04\/logo-corev-150x150.png\" class=\"main-image\" alt=\"Title\" url=\"https:\/\/am.mads.mx\/wp-content\/uploads\/2024\/04\/logo-corev.png\" source=\"library\" srcset=\"https:\/\/am.mads.mx\/wp-content\/uploads\/2024\/04\/logo-corev-150x150.png 150w, https:\/\/am.mads.mx\/wp-content\/uploads\/2024\/04\/logo-corev-300x300.png 300w, https:\/\/am.mads.mx\/wp-content\/uploads\/2024\/04\/logo-corev.png 400w\" sizes=\"(max-width: 150px) 100vw, 150px\" \/><\/div><\/div><\/div><div class=\"client-slider item \"><div class=\"image-list\"><div class=\"content-image\"><img loading=\"lazy\" decoding=\"async\" width=\"150\" height=\"150\" src=\"https:\/\/am.mads.mx\/wp-content\/uploads\/2024\/04\/logo-plaka-150x150.png\" class=\"main-image\" alt=\"Title\" url=\"https:\/\/am.mads.mx\/wp-content\/uploads\/2024\/04\/logo-plaka.png\" source=\"library\" srcset=\"https:\/\/am.mads.mx\/wp-content\/uploads\/2024\/04\/logo-plaka-150x150.png 150w, https:\/\/am.mads.mx\/wp-content\/uploads\/2024\/04\/logo-plaka-300x300.png 300w, https:\/\/am.mads.mx\/wp-content\/uploads\/2024\/04\/logo-plaka.png 400w\" sizes=\"(max-width: 150px) 100vw, 150px\" \/><\/div><\/div><\/div><\/div><\/div><\/div>\t\t<\/div>\n\t\t\t\t<\/div>\n\t\t\t\t\t<\/div>\n\t\t\t\t<\/div>\n\t\t<div class=\"elementor-element elementor-element-2aebe57 e-con-full e-flex e-con e-parent\" data-id=\"2aebe57\" data-element_type=\"container\" data-settings=\"{&quot;background_background&quot;:&quot;classic&quot;}\">\n\t\t<div class=\"elementor-element elementor-element-0445e4b e-con-full e-flex e-con e-child\" data-id=\"0445e4b\" data-element_type=\"container\">\n\t\t\t\t<div class=\"elementor-element elementor-element-dab6ecc elementor-widget elementor-widget-video\" data-id=\"dab6ecc\" data-element_type=\"widget\" data-settings=\"{&quot;video_type&quot;:&quot;hosted&quot;,&quot;controls&quot;:&quot;yes&quot;}\" data-widget_type=\"video.default\">\n\t\t\t\t<div class=\"elementor-widget-container\">\n\t\t\t<style>\/*! elementor - v3.21.0 - 30-04-2024 *\/\n.elementor-widget-video .elementor-widget-container{overflow:hidden;transform:translateZ(0)}.elementor-widget-video .elementor-wrapper{aspect-ratio:var(--video-aspect-ratio)}.elementor-widget-video .elementor-wrapper iframe,.elementor-widget-video .elementor-wrapper video{height:100%;width:100%;display:flex;border:none;background-color:#000}@supports not (aspect-ratio:1\/1){.elementor-widget-video .elementor-wrapper{position:relative;overflow:hidden;height:0;padding-bottom:calc(100% \/ var(--video-aspect-ratio))}.elementor-widget-video .elementor-wrapper iframe,.elementor-widget-video .elementor-wrapper video{position:absolute;top:0;right:0;bottom:0;left:0}}.elementor-widget-video .elementor-open-inline .elementor-custom-embed-image-overlay{position:absolute;top:0;right:0;bottom:0;left:0;background-size:cover;background-position:50%}.elementor-widget-video .elementor-custom-embed-image-overlay{cursor:pointer;text-align:center}.elementor-widget-video .elementor-custom-embed-image-overlay:hover .elementor-custom-embed-play i{opacity:1}.elementor-widget-video .elementor-custom-embed-image-overlay img{display:block;width:100%;aspect-ratio:var(--video-aspect-ratio);-o-object-fit:cover;object-fit:cover;-o-object-position:center center;object-position:center center}@supports not (aspect-ratio:1\/1){.elementor-widget-video .elementor-custom-embed-image-overlay{position:relative;overflow:hidden;height:0;padding-bottom:calc(100% \/ var(--video-aspect-ratio))}.elementor-widget-video .elementor-custom-embed-image-overlay img{position:absolute;top:0;right:0;bottom:0;left:0}}.elementor-widget-video .e-hosted-video .elementor-video{-o-object-fit:cover;object-fit:cover}.e-con-inner>.elementor-widget-video,.e-con>.elementor-widget-video{width:var(--container-widget-width);--flex-grow:var(--container-widget-flex-grow)}<\/style>\t\t<div class=\"e-hosted-video elementor-wrapper elementor-open-inline\">\n\t\t\t\t\t<video class=\"elementor-video\" src=\"https:\/\/am.mads.mx\/wp-content\/uploads\/2024\/04\/SUSPENSION-Y-PLAFONES-AM.mp4\" controls=\"\" preload=\"auto\" controlsList=\"nodownload\"><\/video>\n\t\t\t\t<\/div>\n\t\t\t\t<\/div>\n\t\t\t\t<\/div>\n\t\t\t\t<\/div>\n\t\t<div class=\"elementor-element elementor-element-3d5d5d9 e-con-full e-flex e-con e-child\" data-id=\"3d5d5d9\" data-element_type=\"container\">\n\t\t\t\t<div class=\"elementor-element elementor-element-2f4c19e elementor-widget elementor-widget-heading\" data-id=\"2f4c19e\" data-element_type=\"widget\" data-widget_type=\"heading.default\">\n\t\t\t\t<div class=\"elementor-widget-container\">\n\t\t\t<h2 class=\"elementor-heading-title elementor-size-default\">Servicios<\/h2>\t\t<\/div>\n\t\t\t\t<\/div>\n\t\t\t\t<div class=\"elementor-element elementor-element-b26fd2b elementor-widget elementor-widget-text-editor\" data-id=\"b26fd2b\" data-element_type=\"widget\" data-widget_type=\"text-editor.default\">\n\t\t\t\t<div class=\"elementor-widget-container\">\n\t\t\t\t\t\t\t<ul><li>Contamos con excelentes instaladores para todo tipo de trabajos de construcci\u00f3n ligera.<\/li><li>Trabajamos con peque\u00f1as, medianas, grandes empresas y con el p\u00fablico en general.<\/li><li>Brindamos asesor\u00eda y cotizaciones en toda la Rep\u00fablica Mexicana.<\/li><\/ul><p>\u00a0<\/p><p>ADEMAS CONTAMOS CON MUROS DE PANEL DE YESO, PLAFONES DE TABLAROCA Y RETICULADOS DE TODAS LAS MARCAS.<\/p>\t\t\t\t\t\t<\/div>\n\t\t\t\t<\/div>\n\t\t\t\t<\/div>\n\t\t\t\t<\/div>\n\t\t<div class=\"elementor-element elementor-element-cc5755e e-flex e-con-boxed e-con e-parent\" data-id=\"cc5755e\" data-element_type=\"container\" data-settings=\"{&quot;background_background&quot;:&quot;classic&quot;}\">\n\t\t\t\t\t<div class=\"e-con-inner\">\n\t\t\t\t<div class=\"elementor-element elementor-element-3e5d46d elementor-widget elementor-widget-heading\" data-id=\"3e5d46d\" data-element_type=\"widget\" data-widget_type=\"heading.default\">\n\t\t\t\t<div class=\"elementor-widget-container\">\n\t\t\t<h2 class=\"elementor-heading-title elementor-size-default\">Productos Destacados<\/h2>\t\t<\/div>\n\t\t\t\t<\/div>\n\t\t\t\t<div class=\"elementor-element elementor-element-98be5d0 elementor-align-center elementor-widget elementor-widget-button\" data-id=\"98be5d0\" data-element_type=\"widget\" data-widget_type=\"button.default\">\n\t\t\t\t<div class=\"elementor-widget-container\">\n\t\t\t\t\t<div class=\"elementor-button-wrapper\">\n\t\t\t<a class=\"elementor-button elementor-button-link elementor-size-sm\" href=\"#\">\n\t\t\t\t\t\t<span class=\"elementor-button-content-wrapper\">\n\t\t\t\t\t\t\t\t\t<span class=\"elementor-button-text\">Visitar Tienda<\/span>\n\t\t\t\t\t<\/span>\n\t\t\t\t\t<\/a>\n\t\t<\/div>\n\t\t\t\t<\/div>\n\t\t\t\t<\/div>\n\t\t\t\t\t<\/div>\n\t\t\t\t<\/div>\n\t\t\t\t<\/div>\n\t\t","protected":false},"excerpt":{"rendered":"<p>Acerca de nosotros Empresa fundada hace m\u00e1s de 30 a\u00f1os especializada en sistemas de construcci\u00f3n. Nuestra empresa se caracteriza por contar con el personal especializado y hacer mas productiva nuestra actividad. Considerando que para cualquier empresa es importante contar con proveedores confiables y capaces, ponemos a su disposici\u00f3n toda nuestra experiencia y capacidad de servicio [&hellip;]<\/p>\n","protected":false},"author":1,"featured_media":0,"parent":0,"menu_order":0,"comment_status":"closed","ping_status":"closed","template":"elementor_header_footer","meta":{"footnotes":""},"class_list":["post-8","page","type-page","status-publish","hentry"],"jetpack_sharing_enabled":true,"_links":{"self":[{"href":"https:\/\/am.mads.mx\/index.php\/wp-json\/wp\/v2\/pages\/8","targetHints":{"allow":["GET"]}}],"collection":[{"href":"https:\/\/am.mads.mx\/index.php\/wp-json\/wp\/v2\/pages"}],"about":[{"href":"https:\/\/am.mads.mx\/index.php\/wp-json\/wp\/v2\/types\/page"}],"author":[{"embeddable":true,"href":"https:\/\/am.mads.mx\/index.php\/wp-json\/wp\/v2\/users\/1"}],"replies":[{"embeddable":true,"href":"https:\/\/am.mads.mx\/index.php\/wp-json\/wp\/v2\/comments?post=8"}],"version-history":[{"count":32,"href":"https:\/\/am.mads.mx\/index.php\/wp-json\/wp\/v2\/pages\/8\/revisions"}],"predecessor-version":[{"id":200,"href":"https:\/\/am.mads.mx\/index.php\/wp-json\/wp\/v2\/pages\/8\/revisions\/200"}],"wp:attachment":[{"href":"https:\/\/am.mads.mx\/index.php\/wp-json\/wp\/v2\/media?parent=8"}],"curies":[{"name":"wp","href":"https:\/\/api.w.org\/{rel}","templated":true}]}}